{"id":1750,"date":"2019-02-25T16:10:00","date_gmt":"2019-02-25T15:10:00","guid":{"rendered":"http:\/\/schauco.de\/word\/?page_id=1750"},"modified":"2019-10-08T14:47:08","modified_gmt":"2019-10-08T12:47:08","slug":"frisch-gepoekelt","status":"publish","type":"page","link":"https:\/\/schauco.de\/word\/frisch-gepoekelt\/","title":{"rendered":"FRISCH &#038; GEP\u00d6KELT"},"content":{"rendered":"<div id='full_slider_1'  class='avia-fullwidth-slider main_color avia-shadow   avia-builder-el-0  el_before_av_heading  avia-builder-el-first   container_wrap sidebar_right' style=' '  ><div   data-size='featured'  data-lightbox_size='large'  data-animation='fade'  data-conditional_play=''  data-ids='2331,1586,1580,1591,2466,1568,1588,1582,1565,2468,1578,2470,1612,1572,2398'  data-video_counter='0'  data-autoplay='true'  data-bg_slider='false'  data-slide_height=''  data-handle='av_slideshow_full'  data-interval='5'  data-class=' '  data-el_id=''  data-css_id=''  data-scroll_down=''  data-control_layout='av-control-minimal'  data-custom_markup=''  data-perma_caption=''  data-autoplay_stopper=''  data-image_attachment=''  data-min_height='0px'  data-lazy_loading='disabled'  data-src=''  data-position='top left'  data-repeat='no-repeat'  data-attach='scroll'  data-stretch=''  data-default-height='28.6666666667'  class='avia-slideshow avia-slideshow-1  av-control-minimal av-default-height-applied avia-slideshow-featured av_slideshow_full   avia-fade-slider '  itemprop=\"image\" itemscope=\"itemscope\" itemtype=\"https:\/\/schema.org\/ImageObject\" ><ul class='avia-slideshow-inner ' style='padding-bottom: 28.6666666667%;' ><li  class=' slide-1 ' ><div data-rel='slideshow-1' class='avia-slide-wrap '   ><img class=\"wp-image-2331 avia-img-lazy-loading-not-2331\"  src='https:\/\/schauco.de\/word\/wp-content\/uploads\/2019\/09\/IMG_0424-1500x430.jpg' width='1500' height='430' title='IMG_0424' alt=''  itemprop=\"thumbnailUrl\"   \/><\/div><\/li><li  class=' slide-2 ' ><div data-rel='slideshow-1' class='avia-slide-wrap '   ><img class=\"wp-image-1586 avia-img-lazy-loading-not-1586\"  src='https:\/\/schauco.de\/word\/wp-content\/uploads\/2018\/12\/IMG_3643-1500x430.jpg' width='1500' height='430' title='IMG_3643' alt=''  itemprop=\"thumbnailUrl\"   \/><\/div><\/li><li  class=' slide-3 ' ><div data-rel='slideshow-1' class='avia-slide-wrap '   ><img class=\"wp-image-1580 avia-img-lazy-loading-not-1580\"  src='https:\/\/schauco.de\/word\/wp-content\/uploads\/2018\/12\/IMG_3634-1500x430.jpg' width='1500' height='430' title='IMG_3634' alt=''  itemprop=\"thumbnailUrl\"   \/><\/div><\/li><li  class=' slide-4 ' ><div data-rel='slideshow-1' class='avia-slide-wrap '   ><img class=\"wp-image-1591 avia-img-lazy-loading-not-1591\"  src='https:\/\/schauco.de\/word\/wp-content\/uploads\/2018\/12\/IMG_3685-1500x430.jpg' width='1500' height='430' title='IMG_3685' alt=''  itemprop=\"thumbnailUrl\"   \/><\/div><\/li><li  class=' slide-5 ' ><div data-rel='slideshow-1' class='avia-slide-wrap '   ><img class=\"wp-image-2466 avia-img-lazy-loading-not-2466\"  src='https:\/\/schauco.de\/word\/wp-content\/uploads\/2019\/10\/IMG_4755.jpg' width='1500' height='430' title='IMG_4755' alt=''  itemprop=\"thumbnailUrl\"   \/><\/div><\/li><li  class=' slide-6 ' ><div data-rel='slideshow-1' class='avia-slide-wrap '   ><img class=\"wp-image-1568 avia-img-lazy-loading-not-1568\"  src='https:\/\/schauco.de\/word\/wp-content\/uploads\/2018\/12\/IMG_3558-1500x430.jpg' width='1500' height='430' title='IMG_3558' alt=''  itemprop=\"thumbnailUrl\"   \/><\/div><\/li><li  class=' slide-7 ' ><div data-rel='slideshow-1' class='avia-slide-wrap '   ><img class=\"wp-image-1588 avia-img-lazy-loading-not-1588\"  src='https:\/\/schauco.de\/word\/wp-content\/uploads\/2018\/12\/IMG_3669-1500x430.jpg' width='1500' height='430' title='IMG_3669' alt=''  itemprop=\"thumbnailUrl\"   \/><\/div><\/li><li  class=' slide-8 ' ><div data-rel='slideshow-1' class='avia-slide-wrap '   ><img class=\"wp-image-1582 avia-img-lazy-loading-not-1582\"  src='https:\/\/schauco.de\/word\/wp-content\/uploads\/2018\/12\/IMG_3637-1500x430.jpg' width='1500' height='430' title='crust_11' alt=''  itemprop=\"thumbnailUrl\"   \/><\/div><\/li><li  class=' slide-9 ' ><div data-rel='slideshow-1' class='avia-slide-wrap '   ><img class=\"wp-image-1565 avia-img-lazy-loading-not-1565\"  src='https:\/\/schauco.de\/word\/wp-content\/uploads\/2018\/12\/IMG_3531-1500x430.jpg' width='1500' height='430' title='IMG_3531' alt=''  itemprop=\"thumbnailUrl\"   \/><\/div><\/li><li  class=' slide-10 ' ><div data-rel='slideshow-1' class='avia-slide-wrap '   ><img class=\"wp-image-2468 avia-img-lazy-loading-not-2468\"  src='https:\/\/schauco.de\/word\/wp-content\/uploads\/2019\/10\/IMG_4757.jpg' width='1500' height='430' title='IMG_4757' alt=''  itemprop=\"thumbnailUrl\"   \/><\/div><\/li><li  class=' slide-11 ' ><div data-rel='slideshow-1' class='avia-slide-wrap '   ><img class=\"wp-image-1578 avia-img-lazy-loading-not-1578\"  src='https:\/\/schauco.de\/word\/wp-content\/uploads\/2018\/12\/IMG_3629-1500x430.jpg' width='1500' height='430' title='IMG_3629' alt=''  itemprop=\"thumbnailUrl\"   \/><\/div><\/li><li  class=' slide-12 ' ><div data-rel='slideshow-1' class='avia-slide-wrap '   ><img class=\"wp-image-2470 avia-img-lazy-loading-not-2470\"  src='https:\/\/schauco.de\/word\/wp-content\/uploads\/2019\/10\/IMG_4756.jpg' width='1500' height='430' title='IMG_4756' alt=''  itemprop=\"thumbnailUrl\"   \/><\/div><\/li><li  class=' slide-13 ' ><div data-rel='slideshow-1' class='avia-slide-wrap '   ><img class=\"wp-image-1612 avia-img-lazy-loading-not-1612\"  src='https:\/\/schauco.de\/word\/wp-content\/uploads\/2018\/12\/AW_Schauco-259-1500x430.jpg' width='1500' height='430' title='Schauco Handelsgesellschaft mbH' alt=''  itemprop=\"thumbnailUrl\"   \/><\/div><\/li><li  class=' slide-14 ' ><div data-rel='slideshow-1' class='avia-slide-wrap '   ><img class=\"wp-image-1572 avia-img-lazy-loading-not-1572\"  src='https:\/\/schauco.de\/word\/wp-content\/uploads\/2018\/12\/IMG_3592-1500x430.jpg' width='1500' height='430' title='IMG_3592' alt=''  itemprop=\"thumbnailUrl\"   \/><\/div><\/li><li  class=' slide-15 ' ><div data-rel='slideshow-1' class='avia-slide-wrap '   ><img class=\"wp-image-2398 avia-img-lazy-loading-not-2398\"  src='https:\/\/schauco.de\/word\/wp-content\/uploads\/2019\/09\/AW_Schauco-279_neu-1500x430.jpg' width='1500' height='430' title='Schauco Handelsgesellschaft mbH' alt=''  itemprop=\"thumbnailUrl\"   \/><\/div><\/li><\/ul><div class='avia-slideshow-arrows avia-slideshow-controls'><a href='#prev' class='prev-slide' aria-hidden='true' data-av_icon='\ue87c' data-av_iconfont='entypo-fontello'>Zur\u00fcck<\/a><a href='#next' class='next-slide' aria-hidden='true' data-av_icon='\ue87d' data-av_iconfont='entypo-fontello'>Weiter<\/a><\/div><div class='avia-slideshow-dots avia-slideshow-controls'><a href='#1' class='goto-slide active' >1<\/a><a href='#2' class='goto-slide ' >2<\/a><a href='#3' class='goto-slide ' >3<\/a><a href='#4' class='goto-slide ' >4<\/a><a href='#5' class='goto-slide ' >5<\/a><a href='#6' class='goto-slide ' >6<\/a><a href='#7' class='goto-slide ' >7<\/a><a href='#8' class='goto-slide ' >8<\/a><a href='#9' class='goto-slide ' >9<\/a><a href='#10' class='goto-slide ' >10<\/a><a href='#11' class='goto-slide ' >11<\/a><a href='#12' class='goto-slide ' >12<\/a><a href='#13' class='goto-slide ' >13<\/a><a href='#14' class='goto-slide ' >14<\/a><a href='#15' class='goto-slide ' >15<\/a><\/div><\/div><\/div><div id='after_full_slider_1'  class='main_color av_default_container_wrap container_wrap sidebar_right' style=' '  ><div class='container' ><div class='template-page content  av-content-small alpha units'><div class='post-entry post-entry-type-page post-entry-1750'><div class='entry-content-wrapper clearfix'>\n<div  style='padding-bottom:10px; ' class='av-special-heading av-special-heading-h3  blockquote modern-quote  avia-builder-el-1  el_after_av_slideshow_full  el_before_av_textblock  avia-builder-el-first  '><h3 class='av-special-heading-tag '  itemprop=\"headline\"  >FRISCHE <span class='special_amp'>&amp;<\/span> GEP\u00d6KELTE SPALTCROUPONS<\/h3><div class='special-heading-border'><div class='special-heading-inner-border' ><\/div><\/div><\/div>\n<section class=\"av_textblock_section \"  itemscope=\"itemscope\" itemtype=\"https:\/\/schema.org\/CreativeWork\" ><div class='avia_textblock  '   itemprop=\"text\" ><p>Je nach Bedarf und Kundenanforderung werden unsere Doppelspaltcroupons in der Bl\u00f6sse sortiert und frisch vermarktet oder mit Salz konserviert. Vor allem f\u00fcr vegetabile Artikel oder f\u00fcr Kunden, die Ihre eigene Gerbung bevorzugen, sind frische oder gep\u00f6kelte Spaltcroupons eine Alternative zu den wetblue\/wetwhite Spalten. Unsere gep\u00f6kelten Spaltcroupons werden im Anschluss an den Konservierungsprozess in Sortimente und Gewichtsklassen sortiert.<\/p>\n<\/div><\/section>\n<div  class='avia-gallery  avia-gallery-1 deactivate_avia_lazyload avia-gallery-animate avia_animate_when_visible  avia-builder-el-3  el_after_av_textblock  avia-builder-el-last '  itemprop=\"image\" itemscope=\"itemscope\" itemtype=\"https:\/\/schema.org\/ImageObject\" ><div class='avia-gallery-thumb'> <a href='https:\/\/schauco.de\/word\/wp-content\/uploads\/2019\/09\/IMG_0424-1030x687.jpg' data-rel='gallery-1' data-prev-img='https:\/\/schauco.de\/word\/wp-content\/uploads\/2019\/09\/IMG_0424-495x400.jpg' class='first_thumb lightbox ' data-onclick='1' title='IMG_0424'  itemprop=\"thumbnailUrl\"  ><img class=\"wp-image-2331 avia-img-lazy-loading-not-2331\"   src='https:\/\/schauco.de\/word\/wp-content\/uploads\/2019\/09\/IMG_0424-495x400.jpg' width='495' height='400'  title='IMG_0424' alt='' \/><\/a> <a href='https:\/\/schauco.de\/word\/wp-content\/uploads\/2019\/03\/spalt_gepkelt_2-large.jpg' data-rel='gallery-1' data-prev-img='https:\/\/schauco.de\/word\/wp-content\/uploads\/2019\/03\/spalt_gepkelt_2-large-495x400.jpg' class='lightbox ' data-onclick='2' title='Brined Double Butts'  itemprop=\"thumbnailUrl\"  ><img class=\"wp-image-1909 avia-img-lazy-loading-not-1909\"   src='https:\/\/schauco.de\/word\/wp-content\/uploads\/2019\/03\/spalt_gepkelt_2-large-495x400.jpg' width='495' height='400'  title='Brined Double Butts' alt='' \/><\/a> <a href='https:\/\/schauco.de\/word\/wp-content\/uploads\/2019\/07\/2.jpg' data-rel='gallery-1' data-prev-img='https:\/\/schauco.de\/word\/wp-content\/uploads\/2019\/07\/2-495x400.jpg' class='lightbox ' data-onclick='3' title='2'  itemprop=\"thumbnailUrl\"  ><img class=\"wp-image-2079 avia-img-lazy-loading-not-2079\"   src='https:\/\/schauco.de\/word\/wp-content\/uploads\/2019\/07\/2-495x400.jpg' width='495' height='400'  title='2' alt='' \/><\/a> <a href='https:\/\/schauco.de\/word\/wp-content\/uploads\/2019\/09\/mixer4-1030x773.jpg' data-rel='gallery-1' data-prev-img='https:\/\/schauco.de\/word\/wp-content\/uploads\/2019\/09\/mixer4-495x400.jpg' class='lightbox ' data-onclick='4' title='Mixer'  itemprop=\"thumbnailUrl\"  ><img class=\"wp-image-2332 avia-img-lazy-loading-not-2332\"   src='https:\/\/schauco.de\/word\/wp-content\/uploads\/2019\/09\/mixer4-495x400.jpg' width='495' height='400'  title='Mixer' alt='' \/><\/a><\/div><\/div>\n","protected":false},"excerpt":{"rendered":"","protected":false},"author":1,"featured_media":0,"parent":0,"menu_order":0,"comment_status":"closed","ping_status":"closed","template":"","meta":{"footnotes":""},"_links":{"self":[{"href":"https:\/\/schauco.de\/word\/wp-json\/wp\/v2\/pages\/1750"}],"collection":[{"href":"https:\/\/schauco.de\/word\/wp-json\/wp\/v2\/pages"}],"about":[{"href":"https:\/\/schauco.de\/word\/wp-json\/wp\/v2\/types\/page"}],"author":[{"embeddable":true,"href":"https:\/\/schauco.de\/word\/wp-json\/wp\/v2\/users\/1"}],"replies":[{"embeddable":true,"href":"https:\/\/schauco.de\/word\/wp-json\/wp\/v2\/comments?post=1750"}],"version-history":[{"count":10,"href":"https:\/\/schauco.de\/word\/wp-json\/wp\/v2\/pages\/1750\/revisions"}],"predecessor-version":[{"id":2484,"href":"https:\/\/schauco.de\/word\/wp-json\/wp\/v2\/pages\/1750\/revisions\/2484"}],"wp:attachment":[{"href":"https:\/\/schauco.de\/word\/wp-json\/wp\/v2\/media?parent=1750"}],"curies":[{"name":"wp","href":"https:\/\/api.w.org\/{rel}","templated":true}]}}