{"id":1720,"date":"2019-02-25T15:44:02","date_gmt":"2019-02-25T14:44:02","guid":{"rendered":"http:\/\/schauco.de\/word\/?page_id=1720"},"modified":"2019-10-08T15:00:48","modified_gmt":"2019-10-08T13:00:48","slug":"unternehmen","status":"publish","type":"page","link":"https:\/\/schauco.de\/word\/unternehmen\/","title":{"rendered":"Unternehmen"},"content":{"rendered":"<div id='full_slider_1'  class='avia-fullwidth-slider main_color avia-shadow   avia-builder-el-0  el_before_av_heading  avia-builder-el-first   container_wrap sidebar_right' style=' '  ><div   data-size='featured'  data-lightbox_size='large'  data-animation='fade'  data-conditional_play=''  data-ids='2398,1974,1588,1654,2470,1582,1612,2466,1565,1580,1586,2468,1572,1591,2500'  data-video_counter='0'  data-autoplay='true'  data-bg_slider='false'  data-slide_height=''  data-handle='av_slideshow_full'  data-interval='5'  data-class=' '  data-el_id=''  data-css_id=''  data-scroll_down=''  data-control_layout='av-control-minimal'  data-custom_markup=''  data-perma_caption=''  data-autoplay_stopper=''  data-image_attachment=''  data-min_height='0px'  data-lazy_loading='disabled'  data-src=''  data-position='top left'  data-repeat='no-repeat'  data-attach='scroll'  data-stretch=''  data-default-height='28.6666666667'  class='avia-slideshow avia-slideshow-1  av-control-minimal av-default-height-applied avia-slideshow-featured av_slideshow_full   avia-fade-slider '  itemprop=\"image\" itemscope=\"itemscope\" itemtype=\"https:\/\/schema.org\/ImageObject\" ><ul class='avia-slideshow-inner ' style='padding-bottom: 28.6666666667%;' ><li  class=' slide-1 ' ><div data-rel='slideshow-1' class='avia-slide-wrap '   ><img class=\"wp-image-2398 avia-img-lazy-loading-not-2398\"  src='https:\/\/schauco.de\/word\/wp-content\/uploads\/2019\/09\/AW_Schauco-279_neu-1500x430.jpg' width='1500' height='430' title='Schauco Handelsgesellschaft mbH' alt=''  itemprop=\"thumbnailUrl\"   \/><\/div><\/li><li  class=' slide-2 ' ><div data-rel='slideshow-1' class='avia-slide-wrap '   ><img class=\"wp-image-1974 avia-img-lazy-loading-not-1974\"  src='https:\/\/schauco.de\/word\/wp-content\/uploads\/2019\/06\/IMG_3529-1-1500x430.jpg' width='1500' height='430' title='crust_10' alt=''  itemprop=\"thumbnailUrl\"   \/><\/div><\/li><li  class=' slide-3 ' ><div data-rel='slideshow-1' class='avia-slide-wrap '   ><img class=\"wp-image-1588 avia-img-lazy-loading-not-1588\"  src='https:\/\/schauco.de\/word\/wp-content\/uploads\/2018\/12\/IMG_3669-1500x430.jpg' width='1500' height='430' title='IMG_3669' alt=''  itemprop=\"thumbnailUrl\"   \/><\/div><\/li><li  class=' slide-4 ' ><div data-rel='slideshow-1' class='avia-slide-wrap '   ><img class=\"wp-image-1654 avia-img-lazy-loading-not-1654\"  src='https:\/\/schauco.de\/word\/wp-content\/uploads\/2018\/12\/AW_Schauco-285-1500x430.jpg' width='1500' height='430' title='Schauco Handelsgesellschaft mbH' alt=''  itemprop=\"thumbnailUrl\"   \/><\/div><\/li><li  class=' slide-5 ' ><div data-rel='slideshow-1' class='avia-slide-wrap '   ><img class=\"wp-image-2470 avia-img-lazy-loading-not-2470\"  src='https:\/\/schauco.de\/word\/wp-content\/uploads\/2019\/10\/IMG_4756.jpg' width='1500' height='430' title='IMG_4756' alt=''  itemprop=\"thumbnailUrl\"   \/><\/div><\/li><li  class=' slide-6 ' ><div data-rel='slideshow-1' class='avia-slide-wrap '   ><img class=\"wp-image-1582 avia-img-lazy-loading-not-1582\"  src='https:\/\/schauco.de\/word\/wp-content\/uploads\/2018\/12\/IMG_3637-1500x430.jpg' width='1500' height='430' title='crust_11' alt=''  itemprop=\"thumbnailUrl\"   \/><\/div><\/li><li  class=' slide-7 ' ><div data-rel='slideshow-1' class='avia-slide-wrap '   ><img class=\"wp-image-1612 avia-img-lazy-loading-not-1612\"  src='https:\/\/schauco.de\/word\/wp-content\/uploads\/2018\/12\/AW_Schauco-259-1500x430.jpg' width='1500' height='430' title='Schauco Handelsgesellschaft mbH' alt=''  itemprop=\"thumbnailUrl\"   \/><\/div><\/li><li  class=' slide-8 ' ><div data-rel='slideshow-1' class='avia-slide-wrap '   ><img class=\"wp-image-2466 avia-img-lazy-loading-not-2466\"  src='https:\/\/schauco.de\/word\/wp-content\/uploads\/2019\/10\/IMG_4755.jpg' width='1500' height='430' title='IMG_4755' alt=''  itemprop=\"thumbnailUrl\"   \/><\/div><\/li><li  class=' slide-9 ' ><div data-rel='slideshow-1' class='avia-slide-wrap '   ><img class=\"wp-image-1565 avia-img-lazy-loading-not-1565\"  src='https:\/\/schauco.de\/word\/wp-content\/uploads\/2018\/12\/IMG_3531-1500x430.jpg' width='1500' height='430' title='IMG_3531' alt=''  itemprop=\"thumbnailUrl\"   \/><\/div><\/li><li  class=' slide-10 ' ><div data-rel='slideshow-1' class='avia-slide-wrap '   ><img class=\"wp-image-1580 avia-img-lazy-loading-not-1580\"  src='https:\/\/schauco.de\/word\/wp-content\/uploads\/2018\/12\/IMG_3634-1500x430.jpg' width='1500' height='430' title='IMG_3634' alt=''  itemprop=\"thumbnailUrl\"   \/><\/div><\/li><li  class=' slide-11 ' ><div data-rel='slideshow-1' class='avia-slide-wrap '   ><img class=\"wp-image-1586 avia-img-lazy-loading-not-1586\"  src='https:\/\/schauco.de\/word\/wp-content\/uploads\/2018\/12\/IMG_3643-1500x430.jpg' width='1500' height='430' title='IMG_3643' alt=''  itemprop=\"thumbnailUrl\"   \/><\/div><\/li><li  class=' slide-12 ' ><div data-rel='slideshow-1' class='avia-slide-wrap '   ><img class=\"wp-image-2468 avia-img-lazy-loading-not-2468\"  src='https:\/\/schauco.de\/word\/wp-content\/uploads\/2019\/10\/IMG_4757.jpg' width='1500' height='430' title='IMG_4757' alt=''  itemprop=\"thumbnailUrl\"   \/><\/div><\/li><li  class=' slide-13 ' ><div data-rel='slideshow-1' class='avia-slide-wrap '   ><img class=\"wp-image-1572 avia-img-lazy-loading-not-1572\"  src='https:\/\/schauco.de\/word\/wp-content\/uploads\/2018\/12\/IMG_3592-1500x430.jpg' width='1500' height='430' title='IMG_3592' alt=''  itemprop=\"thumbnailUrl\"   \/><\/div><\/li><li  class=' slide-14 ' ><div data-rel='slideshow-1' class='avia-slide-wrap '   ><img class=\"wp-image-1591 avia-img-lazy-loading-not-1591\"  src='https:\/\/schauco.de\/word\/wp-content\/uploads\/2018\/12\/IMG_3685-1500x430.jpg' width='1500' height='430' title='IMG_3685' alt=''  itemprop=\"thumbnailUrl\"   \/><\/div><\/li><li  class=' slide-15 ' ><div data-rel='slideshow-1' class='avia-slide-wrap '   ><img class=\"wp-image-2500 avia-img-lazy-loading-not-2500\"  src='https:\/\/schauco.de\/word\/wp-content\/uploads\/2019\/10\/IMG_4758.jpg' width='1500' height='430' title='IMG_4758' alt=''  itemprop=\"thumbnailUrl\"   \/><\/div><\/li><\/ul><div class='avia-slideshow-arrows avia-slideshow-controls'><a href='#prev' class='prev-slide' aria-hidden='true' data-av_icon='\ue87c' data-av_iconfont='entypo-fontello'>Zur\u00fcck<\/a><a href='#next' class='next-slide' aria-hidden='true' data-av_icon='\ue87d' data-av_iconfont='entypo-fontello'>Weiter<\/a><\/div><div class='avia-slideshow-dots avia-slideshow-controls'><a href='#1' class='goto-slide active' >1<\/a><a href='#2' class='goto-slide ' >2<\/a><a href='#3' class='goto-slide ' >3<\/a><a href='#4' class='goto-slide ' >4<\/a><a href='#5' class='goto-slide ' >5<\/a><a href='#6' class='goto-slide ' >6<\/a><a href='#7' class='goto-slide ' >7<\/a><a href='#8' class='goto-slide ' >8<\/a><a href='#9' class='goto-slide ' >9<\/a><a href='#10' class='goto-slide ' >10<\/a><a href='#11' class='goto-slide ' >11<\/a><a href='#12' class='goto-slide ' >12<\/a><a href='#13' class='goto-slide ' >13<\/a><a href='#14' class='goto-slide ' >14<\/a><a href='#15' class='goto-slide ' >15<\/a><\/div><\/div><\/div><div id='after_full_slider_1'  class='main_color av_default_container_wrap container_wrap sidebar_right' style=' '  ><div class='container' ><div class='template-page content  av-content-small alpha units'><div class='post-entry post-entry-type-page post-entry-1720'><div class='entry-content-wrapper clearfix'>\n<div  style='padding-bottom:10px; ' class='av-special-heading av-special-heading-h3  blockquote modern-quote  avia-builder-el-1  el_after_av_slideshow_full  el_before_av_textblock  avia-builder-el-first  '><h3 class='av-special-heading-tag '  itemprop=\"headline\"  >Unternehmen<\/h3><div class='special-heading-border'><div class='special-heading-inner-border' ><\/div><\/div><\/div>\n<section class=\"av_textblock_section \"  itemscope=\"itemscope\" itemtype=\"https:\/\/schema.org\/CreativeWork\" ><div class='avia_textblock  '   itemprop=\"text\" ><p style=\"text-align: justify;\">Als Mitglied der SCHAFSTALL-Unternehmensgruppe und weltweit t\u00e4tiges Unternehmen, befassen wir uns seit \u00fcber 60 Jahren mit dem Handel, der Verarbeitung und der Veredelung von H\u00e4uten und Spalten diverser Gewichtsklassen und Provenienzen.<\/p>\n<p style=\"text-align: justify;\">Neben dem Handel mit diversen Spaltprodukten (Spaltcroupons und H\u00e4lse &amp; Flanken), umfasst unsere Produktpalette die Bereiche Wetblue, Wetwhite, <a href=\"http:\/\/www.olivenleder.com\/\" target=\"_blank\" rel=\"noopener\">wet-green\u00ae<\/a> (Olivenleder), Crust- und Fertigleder f\u00fcr die unterschiedlichsten Industrien. Die Produktion von K\u00e4nguruledern als Nischenprodukt f\u00fcr den Sportschuhbereich und f\u00fcr Motorradbekleidung runden unser Angebot ab.<\/p>\n<p style=\"text-align: justify;\">In den zertifizierten und LWG-Goldrated Lohngerbbetrieben\u00a0 <strong><a href=\"http:\/\/www.slovtan.sk\/index_de.php\" target=\"_blank\" rel=\"noopener\">SlovTan Contract Tannery spol.,<\/a><\/strong> Slowakei (100%ige Schwesterfirma) und <strong><a href=\"http:\/\/www.suedleder.de\/\" target=\"_blank\" rel=\"noopener\">S\u00dcDLEDER GmbH &amp; Co.,<\/a><\/strong> Deutschland (50%ige Schwesterfirma) werden unsere Produkte mit dem Einsatz neuester Technologie und unter Ber\u00fccksichtigung h\u00f6chster \u00f6kologischer Gesichtspunkte hergestellt.<\/p>\n<p style=\"text-align: justify;\">Der Firmensitz der Schauco befindet sich in M\u00fclheim an der Ruhr, einer alten deutschen Leder- und Gerbereistadt im westlichen Ruhrgebiet in Nordrhein-Westfalen.<\/p>\n<\/div><\/section>\n<div class=\"flex_column av_one_third  flex_column_div av-zero-column-padding first  avia-builder-el-3  el_after_av_textblock  el_before_av_one_third  column-top-margin\" style='border-radius:0px; '><div  class='avia-image-container  av-styling-    avia-builder-el-4  avia-builder-el-no-sibling  avia-align-center '  itemprop=\"image\" itemscope=\"itemscope\" itemtype=\"https:\/\/schema.org\/ImageObject\"  ><div class='avia-image-container-inner'><div class='avia-image-overlay-wrap'><img class='wp-image-1721 avia-img-lazy-loading-not-1721 avia_image' src='https:\/\/schauco.de\/word\/wp-content\/uploads\/2019\/02\/0dfbbd926619bc7a8c22c3a99cee1f48.jpg' alt='' title='Schauco Handelsgesellschaft mbH' height=\"684\" width=\"1000\"  itemprop=\"thumbnailUrl\"  \/><\/div><\/div><\/div><\/div>\n<div class=\"flex_column av_one_third  flex_column_div av-zero-column-padding   avia-builder-el-5  el_after_av_one_third  el_before_av_one_third  column-top-margin\" style='border-radius:0px; '><div  class='avia-image-container  av-styling-    avia-builder-el-6  avia-builder-el-no-sibling  avia-align-center '  itemprop=\"image\" itemscope=\"itemscope\" itemtype=\"https:\/\/schema.org\/ImageObject\"  ><div class='avia-image-container-inner'><div class='avia-image-overlay-wrap'><img class='wp-image-1722 avia-img-lazy-loading-not-1722 avia_image' src='https:\/\/schauco.de\/word\/wp-content\/uploads\/2019\/02\/bce89c6a7dcd4afe5beefd98125f092f.jpg' alt='' title='Schauco Handelsgesellschaft mbH' height=\"599\" width=\"900\"  itemprop=\"thumbnailUrl\"  \/><\/div><\/div><\/div><\/div>\n<div class=\"flex_column av_one_third  flex_column_div av-zero-column-padding   avia-builder-el-7  el_after_av_one_third  avia-builder-el-last  column-top-margin\" style='border-radius:0px; '><div  class='avia-image-container  av-styling-    avia-builder-el-8  avia-builder-el-no-sibling  avia-align-center '  itemprop=\"image\" itemscope=\"itemscope\" itemtype=\"https:\/\/schema.org\/ImageObject\"  ><div class='avia-image-container-inner'><div class='avia-image-overlay-wrap'><img class='wp-image-1723 avia-img-lazy-loading-not-1723 avia_image' src='https:\/\/schauco.de\/word\/wp-content\/uploads\/2019\/02\/a11a544a1cbd571e0676e5ef74c77fdd.jpg' alt='' title='Schauco Handelsgesellschaft mbH' height=\"599\" width=\"900\"  itemprop=\"thumbnailUrl\"  \/><\/div><\/div><\/div><\/div>\n","protected":false},"excerpt":{"rendered":"","protected":false},"author":1,"featured_media":0,"parent":0,"menu_order":0,"comment_status":"closed","ping_status":"closed","template":"","meta":{"footnotes":""},"_links":{"self":[{"href":"https:\/\/schauco.de\/word\/wp-json\/wp\/v2\/pages\/1720"}],"collection":[{"href":"https:\/\/schauco.de\/word\/wp-json\/wp\/v2\/pages"}],"about":[{"href":"https:\/\/schauco.de\/word\/wp-json\/wp\/v2\/types\/page"}],"author":[{"embeddable":true,"href":"https:\/\/schauco.de\/word\/wp-json\/wp\/v2\/users\/1"}],"replies":[{"embeddable":true,"href":"https:\/\/schauco.de\/word\/wp-json\/wp\/v2\/comments?post=1720"}],"version-history":[{"count":10,"href":"https:\/\/schauco.de\/word\/wp-json\/wp\/v2\/pages\/1720\/revisions"}],"predecessor-version":[{"id":2505,"href":"https:\/\/schauco.de\/word\/wp-json\/wp\/v2\/pages\/1720\/revisions\/2505"}],"wp:attachment":[{"href":"https:\/\/schauco.de\/word\/wp-json\/wp\/v2\/media?parent=1720"}],"curies":[{"name":"wp","href":"https:\/\/api.w.org\/{rel}","templated":true}]}}