{"id":1337,"date":"2018-01-21T16:28:33","date_gmt":"2018-01-21T15:28:33","guid":{"rendered":"http:\/\/gartenhotel-luisental.com\/word\/?page_id=1337"},"modified":"2019-10-08T14:49:59","modified_gmt":"2019-10-08T12:49:59","slug":"impressum","status":"publish","type":"page","link":"https:\/\/schauco.de\/word\/impressum\/","title":{"rendered":"Impressum"},"content":{"rendered":"<div id='full_slider_1'  class='avia-fullwidth-slider main_color avia-shadow   avia-builder-el-0  el_before_av_heading  avia-builder-el-first   container_wrap sidebar_right' style=' '  ><div   data-size='featured'  data-lightbox_size='large'  data-animation='fade'  data-conditional_play=''  data-ids='2468,1612,2470,1572,1588,1565,1582,1578,1580,1586,2466,1974,1591,1654,2398'  data-video_counter='0'  data-autoplay='true'  data-bg_slider='false'  data-slide_height=''  data-handle='av_slideshow_full'  data-interval='5'  data-class=' '  data-el_id=''  data-css_id=''  data-scroll_down=''  data-control_layout='av-control-minimal'  data-custom_markup=''  data-perma_caption=''  data-autoplay_stopper=''  data-image_attachment=''  data-min_height='0px'  data-lazy_loading='disabled'  data-src=''  data-position='top left'  data-repeat='no-repeat'  data-attach='scroll'  data-stretch=''  data-default-height='28.6666666667'  class='avia-slideshow avia-slideshow-1  av-control-minimal av-default-height-applied avia-slideshow-featured av_slideshow_full   avia-fade-slider '  itemprop=\"image\" itemscope=\"itemscope\" itemtype=\"https:\/\/schema.org\/ImageObject\" ><ul class='avia-slideshow-inner ' style='padding-bottom: 28.6666666667%;' ><li  class=' slide-1 ' ><div data-rel='slideshow-1' class='avia-slide-wrap '   ><img class=\"wp-image-2468 avia-img-lazy-loading-not-2468\"  src='https:\/\/schauco.de\/word\/wp-content\/uploads\/2019\/10\/IMG_4757.jpg' width='1500' height='430' title='IMG_4757' alt=''  itemprop=\"thumbnailUrl\"   \/><\/div><\/li><li  class=' slide-2 ' ><div data-rel='slideshow-1' class='avia-slide-wrap '   ><img class=\"wp-image-1612 avia-img-lazy-loading-not-1612\"  src='https:\/\/schauco.de\/word\/wp-content\/uploads\/2018\/12\/AW_Schauco-259-1500x430.jpg' width='1500' height='430' title='Schauco Handelsgesellschaft mbH' alt=''  itemprop=\"thumbnailUrl\"   \/><\/div><\/li><li  class=' slide-3 ' ><div data-rel='slideshow-1' class='avia-slide-wrap '   ><img class=\"wp-image-2470 avia-img-lazy-loading-not-2470\"  src='https:\/\/schauco.de\/word\/wp-content\/uploads\/2019\/10\/IMG_4756.jpg' width='1500' height='430' title='IMG_4756' alt=''  itemprop=\"thumbnailUrl\"   \/><\/div><\/li><li  class=' slide-4 ' ><div data-rel='slideshow-1' class='avia-slide-wrap '   ><img class=\"wp-image-1572 avia-img-lazy-loading-not-1572\"  src='https:\/\/schauco.de\/word\/wp-content\/uploads\/2018\/12\/IMG_3592-1500x430.jpg' width='1500' height='430' title='IMG_3592' alt=''  itemprop=\"thumbnailUrl\"   \/><\/div><\/li><li  class=' slide-5 ' ><div data-rel='slideshow-1' class='avia-slide-wrap '   ><img class=\"wp-image-1588 avia-img-lazy-loading-not-1588\"  src='https:\/\/schauco.de\/word\/wp-content\/uploads\/2018\/12\/IMG_3669-1500x430.jpg' width='1500' height='430' title='IMG_3669' alt=''  itemprop=\"thumbnailUrl\"   \/><\/div><\/li><li  class=' slide-6 ' ><div data-rel='slideshow-1' class='avia-slide-wrap '   ><img class=\"wp-image-1565 avia-img-lazy-loading-not-1565\"  src='https:\/\/schauco.de\/word\/wp-content\/uploads\/2018\/12\/IMG_3531-1500x430.jpg' width='1500' height='430' title='IMG_3531' alt=''  itemprop=\"thumbnailUrl\"   \/><\/div><\/li><li  class=' slide-7 ' ><div data-rel='slideshow-1' class='avia-slide-wrap '   ><img class=\"wp-image-1582 avia-img-lazy-loading-not-1582\"  src='https:\/\/schauco.de\/word\/wp-content\/uploads\/2018\/12\/IMG_3637-1500x430.jpg' width='1500' height='430' title='crust_11' alt=''  itemprop=\"thumbnailUrl\"   \/><\/div><\/li><li  class=' slide-8 ' ><div data-rel='slideshow-1' class='avia-slide-wrap '   ><img class=\"wp-image-1578 avia-img-lazy-loading-not-1578\"  src='https:\/\/schauco.de\/word\/wp-content\/uploads\/2018\/12\/IMG_3629-1500x430.jpg' width='1500' height='430' title='IMG_3629' alt=''  itemprop=\"thumbnailUrl\"   \/><\/div><\/li><li  class=' slide-9 ' ><div data-rel='slideshow-1' class='avia-slide-wrap '   ><img class=\"wp-image-1580 avia-img-lazy-loading-not-1580\"  src='https:\/\/schauco.de\/word\/wp-content\/uploads\/2018\/12\/IMG_3634-1500x430.jpg' width='1500' height='430' title='IMG_3634' alt=''  itemprop=\"thumbnailUrl\"   \/><\/div><\/li><li  class=' slide-10 ' ><div data-rel='slideshow-1' class='avia-slide-wrap '   ><img class=\"wp-image-1586 avia-img-lazy-loading-not-1586\"  src='https:\/\/schauco.de\/word\/wp-content\/uploads\/2018\/12\/IMG_3643-1500x430.jpg' width='1500' height='430' title='IMG_3643' alt=''  itemprop=\"thumbnailUrl\"   \/><\/div><\/li><li  class=' slide-11 ' ><div data-rel='slideshow-1' class='avia-slide-wrap '   ><img class=\"wp-image-2466 avia-img-lazy-loading-not-2466\"  src='https:\/\/schauco.de\/word\/wp-content\/uploads\/2019\/10\/IMG_4755.jpg' width='1500' height='430' title='IMG_4755' alt=''  itemprop=\"thumbnailUrl\"   \/><\/div><\/li><li  class=' slide-12 ' ><div data-rel='slideshow-1' class='avia-slide-wrap '   ><img class=\"wp-image-1974 avia-img-lazy-loading-not-1974\"  src='https:\/\/schauco.de\/word\/wp-content\/uploads\/2019\/06\/IMG_3529-1-1500x430.jpg' width='1500' height='430' title='crust_10' alt=''  itemprop=\"thumbnailUrl\"   \/><\/div><\/li><li  class=' slide-13 ' ><div data-rel='slideshow-1' class='avia-slide-wrap '   ><img class=\"wp-image-1591 avia-img-lazy-loading-not-1591\"  src='https:\/\/schauco.de\/word\/wp-content\/uploads\/2018\/12\/IMG_3685-1500x430.jpg' width='1500' height='430' title='IMG_3685' alt=''  itemprop=\"thumbnailUrl\"   \/><\/div><\/li><li  class=' slide-14 ' ><div data-rel='slideshow-1' class='avia-slide-wrap '   ><img class=\"wp-image-1654 avia-img-lazy-loading-not-1654\"  src='https:\/\/schauco.de\/word\/wp-content\/uploads\/2018\/12\/AW_Schauco-285-1500x430.jpg' width='1500' height='430' title='Schauco Handelsgesellschaft mbH' alt=''  itemprop=\"thumbnailUrl\"   \/><\/div><\/li><li  class=' slide-15 ' ><div data-rel='slideshow-1' class='avia-slide-wrap '   ><img class=\"wp-image-2398 avia-img-lazy-loading-not-2398\"  src='https:\/\/schauco.de\/word\/wp-content\/uploads\/2019\/09\/AW_Schauco-279_neu-1500x430.jpg' width='1500' height='430' title='Schauco Handelsgesellschaft mbH' alt=''  itemprop=\"thumbnailUrl\"   \/><\/div><\/li><\/ul><div class='avia-slideshow-arrows avia-slideshow-controls'><a href='#prev' class='prev-slide' aria-hidden='true' data-av_icon='\ue87c' data-av_iconfont='entypo-fontello'>Zur\u00fcck<\/a><a href='#next' class='next-slide' aria-hidden='true' data-av_icon='\ue87d' data-av_iconfont='entypo-fontello'>Weiter<\/a><\/div><div class='avia-slideshow-dots avia-slideshow-controls'><a href='#1' class='goto-slide active' >1<\/a><a href='#2' class='goto-slide ' >2<\/a><a href='#3' class='goto-slide ' >3<\/a><a href='#4' class='goto-slide ' >4<\/a><a href='#5' class='goto-slide ' >5<\/a><a href='#6' class='goto-slide ' >6<\/a><a href='#7' class='goto-slide ' >7<\/a><a href='#8' class='goto-slide ' >8<\/a><a href='#9' class='goto-slide ' >9<\/a><a href='#10' class='goto-slide ' >10<\/a><a href='#11' class='goto-slide ' >11<\/a><a href='#12' class='goto-slide ' >12<\/a><a href='#13' class='goto-slide ' >13<\/a><a href='#14' class='goto-slide ' >14<\/a><a href='#15' class='goto-slide ' >15<\/a><\/div><\/div><\/div><div id='after_full_slider_1'  class='main_color av_default_container_wrap container_wrap sidebar_right' style=' '  ><div class='container' ><div class='template-page content  av-content-small alpha units'><div class='post-entry post-entry-type-page post-entry-1337'><div class='entry-content-wrapper clearfix'>\n<div  style='padding-bottom:10px; ' class='av-special-heading av-special-heading-h3  blockquote modern-quote  avia-builder-el-1  el_after_av_slideshow_full  el_before_av_textblock  avia-builder-el-first  '><h3 class='av-special-heading-tag '  itemprop=\"headline\"  >Impressum<\/h3><div class='special-heading-border'><div class='special-heading-inner-border' ><\/div><\/div><\/div>\n<section class=\"av_textblock_section \"  itemscope=\"itemscope\" itemtype=\"https:\/\/schema.org\/CreativeWork\" ><div class='avia_textblock  '   itemprop=\"text\" ><p><img loading=\"lazy\" decoding=\"async\" class=\"alignnone size-full wp-image-1517\" src=\"http:\/\/gartenhotel-luisental.com\/word\/wp-content\/uploads\/2018\/04\/erecht24-siegel-impressum-rot.png\" alt=\"\" width=\"120\" height=\"156\" \/><br \/>\n<div class=\"art-content-layout-wrapper\" style=\"margin-right: 0px;\">\r\n\t<div class=\"art-content-layout\">\r\n\t\t<div class=\"art-content-layout-row\">\r\n\t\t\t<div class=\"art-layout-cell\" style=\"width: 100%;\"><br \/>\r\n\t\t\t\t\r\n\t\t\t\t<h2><br \/>Angaben gem\u00e4\u00df \u00a7 5 TMG:<\/h2>\r\n\t\t\t\t<p><span style=\"font-weight: bold;\">SCHAUCO Handelsgesellschaft mbH<br \/>Uhlenhorstweg 18<br \/>45479 M\u00fclheim \/ Ruhr<br \/>Deutschland<\/span>\r\n\t\t\t\t<\/p>\r\n\t\t\t\t<p>Gesch\u00e4ftsf\u00fchrer:<br \/>Achim L\u00fcke<br \/><br \/>\r\n\t\t\t\t<\/p>\r\n\t\t\t\t<h2>Kontakt:<\/h2>\r\n\t\t\t\t<p>Telefon: +49 (208) 4199 \u2013 0<br \/>Fax: \u00a0 \u00a0 \u00a0 +49 (208) 4199 \u2013 117<br \/>E-mail: \u00a0 <a href=\"mailto:info@schauco.com\">info@schauco.com<\/a><br \/>Website: www.schauco.com<\/p>\r\n\t\t\t\t<p>\u00a0<\/p>\r\n\t\t\t\t<h2>Umsatzsteuer:<\/h2>\r\n\t\t\t\t<p>Umsatzsteuer-Identifikationsnummer gem\u00e4\u00df \u00a727 a Umsatzsteuergesetz:<\/p>\r\n\t\t\t\t<p>Umsatzsteuernummern:<br \/>DE 120340673<br \/>SK 4020264985<\/p>\r\n\t\t\t\t<p>Registergericht: Duisburg - HRB 14869<\/p>\r\n\t\t\t\t<p>Gerichtsstand:<br \/>Erf\u00fcllungsort und Gerichtsstand ist M\u00fclheim an der Ruhr<\/p>\r\n\t\t\t\t<h2>\u00a0<\/h2>\r\n\t\t\t\t<h2>Streitschlichtung<\/h2>\r\n\t\t\t\t<p>Die Europ\u00e4ische Kommission stellt eine Plattform zur Online-Streitbeilegung (OS) bereit: <a href=\"https:\/\/ec.europa.eu\/consumers\/odr\" target=\"_blank\" rel=\"noopener\">https:\/\/ec.europa.eu\/consumers\/odr<\/a>.<br \/> Unsere E-Mail-Adresse finden Sie oben im Impressum.<\/p>\r\n\t\t\t\t<p>Wir sind nicht bereit oder verpflichtet, an Streitbeilegungsverfahren vor einer Verbraucherschlichtungsstelle teilzunehmen.<br \/><br \/>\r\n\t\t\t\t<\/p>\r\n\t\t\t\t<h3>Haftung f\u00fcr Inhalte<\/h3>\r\n\t\t\t\t<p>Als Diensteanbieter sind wir gem\u00e4\u00df \u00a7 7 Abs.1 TMG f\u00fcr eigene Inhalte auf diesen Seiten nach den allgemeinen Gesetzen verantwortlich. Nach \u00a7\u00a7 8 bis 10 TMG sind wir als Diensteanbieter jedoch nicht verpflichtet, \u00fcbermittelte oder gespeicherte fremde Informationen zu \u00fcberwachen oder nach Umst\u00e4nden zu forschen, die auf eine rechtswidrige T\u00e4tigkeit hinweisen.<\/p>\r\n\t\t\t\t<p>Verpflichtungen zur Entfernung oder Sperrung der Nutzung von Informationen nach den allgemeinen Gesetzen bleiben hiervon unber\u00fchrt. Eine diesbez\u00fcgliche Haftung ist jedoch erst ab dem Zeitpunkt der Kenntnis einer konkreten Rechtsverletzung m\u00f6glich. Bei Bekanntwerden von entsprechenden Rechtsverletzungen werden wir diese Inhalte umgehend entfernen.<br \/><br \/>\r\n\t\t\t\t<\/p>\r\n\t\t\t\t<h3>Haftung f\u00fcr Links<\/h3>\r\n\t\t\t\t<p>Unser Angebot enth\u00e4lt Links zu externen Websites Dritter, auf deren Inhalte wir keinen Einfluss haben. Deshalb k\u00f6nnen wir f\u00fcr diese fremden Inhalte auch keine Gew\u00e4hr \u00fcbernehmen. F\u00fcr die Inhalte der verlinkten Seiten ist stets der jeweilige Anbieter oder Betreiber der Seiten verantwortlich. Die verlinkten Seiten wurden zum Zeitpunkt der Verlinkung auf m\u00f6gliche Rechtsverst\u00f6\u00dfe \u00fcberpr\u00fcft. Rechtswidrige Inhalte waren zum Zeitpunkt der Verlinkung nicht erkennbar.<\/p>\r\n\t\t\t\t<p>Eine permanente inhaltliche Kontrolle der verlinkten Seiten ist jedoch ohne konkrete Anhaltspunkte einer Rechtsverletzung nicht zumutbar. Bei Bekanntwerden von Rechtsverletzungen werden wir derartige Links umgehend entfernen.<br \/><br \/>\r\n\t\t\t\t<\/p>\r\n\t\t\t\t<h3>Urheberrecht<\/h3>\r\n\t\t\t\t<p>Die durch die Seitenbetreiber erstellten Inhalte und Werke auf diesen Seiten unterliegen dem deutschen Urheberrecht. Die Vervielf\u00e4ltigung, Bearbeitung, Verbreitung und jede Art der Verwertung au\u00dferhalb der Grenzen des Urheberrechtes bed\u00fcrfen der schriftlichen Zustimmung des jeweiligen Autors bzw. Erstellers. Downloads und Kopien dieser Seite sind nur f\u00fcr den privaten, nicht kommerziellen Gebrauch gestattet.<\/p>\r\n\t\t\t\t<p>Soweit die Inhalte auf dieser Seite nicht vom Betreiber erstellt wurden, werden die Urheberrechte Dritter beachtet. Insbesondere werden Inhalte Dritter als solche gekennzeichnet. Sollten Sie trotzdem auf eine Urheberrechtsverletzung aufmerksam werden, bitten wir um einen entsprechenden Hinweis. Bei Bekanntwerden von Rechtsverletzungen werden wir derartige Inhalte umgehend entfernen.<br \/><br \/>Diese Impressum gilt f\u00fcr alle Domains:<br \/>www.schauco.de<br \/>www.schauco.com<br \/><a href=\"http:\/\/www.wetblue.de\" target=\"_blank\" rel=\"noopener\">www.wetblue.de<\/a><br \/>www.wetwhite.de<br \/>www.splitleather.de<br \/>www.finished-leather.de<br \/>www.aviation-leather.de<br \/>www.upholstery-leather.de<br \/>www.kangaroo-leather.de<br \/>www.k\u00e4nguruleder.de<br \/>www.fertigleder.de<br \/>www.dropsplits.com<br \/>www.futterleder.com<br \/>www.oberleder.com<br \/>www.schauco-crust.com<br \/>www.schauco-splits.com<br \/>www.schauco-croupons.com<br \/>www.schauco-collagen.com<br \/>www.schauco-gelatine.com<br \/>www.schauco-automobilleder.de<br \/>www.schauco-flugzeugleder.de<br \/>www.schauco-m\u00f6belleder.de<\/p>\r\n\t\t\t\t<p>\u00a0<\/p>\r\n\t\t\t\t<p>\u00a0<\/p>\r\n\t\t\t<\/div>\r\n\t\t<\/div>\r\n\t<\/div>\r\n<\/div><\/p>\n<\/div><\/section>\n","protected":false},"excerpt":{"rendered":"","protected":false},"author":1,"featured_media":0,"parent":0,"menu_order":0,"comment_status":"closed","ping_status":"closed","template":"","meta":{"footnotes":""},"_links":{"self":[{"href":"https:\/\/schauco.de\/word\/wp-json\/wp\/v2\/pages\/1337"}],"collection":[{"href":"https:\/\/schauco.de\/word\/wp-json\/wp\/v2\/pages"}],"about":[{"href":"https:\/\/schauco.de\/word\/wp-json\/wp\/v2\/types\/page"}],"author":[{"embeddable":true,"href":"https:\/\/schauco.de\/word\/wp-json\/wp\/v2\/users\/1"}],"replies":[{"embeddable":true,"href":"https:\/\/schauco.de\/word\/wp-json\/wp\/v2\/comments?post=1337"}],"version-history":[{"count":11,"href":"https:\/\/schauco.de\/word\/wp-json\/wp\/v2\/pages\/1337\/revisions"}],"predecessor-version":[{"id":2689,"href":"https:\/\/schauco.de\/word\/wp-json\/wp\/v2\/pages\/1337\/revisions\/2689"}],"wp:attachment":[{"href":"https:\/\/schauco.de\/word\/wp-json\/wp\/v2\/media?parent=1337"}],"curies":[{"name":"wp","href":"https:\/\/api.w.org\/{rel}","templated":true}]}}